{"id":8,"date":"2012-03-26T16:48:19","date_gmt":"2012-03-26T16:48:19","guid":{"rendered":"http:\/\/www.wssyuma.dakota-yuma.de\/?page_id=8"},"modified":"2016-05-16T19:17:29","modified_gmt":"2016-05-16T17:17:29","slug":"dakota-yuma","status":"publish","type":"page","link":"http:\/\/www.dakota-yuma.de\/?page_id=8","title":{"rendered":"Dakota Yuma"},"content":{"rendered":"<p style=\"text-align: center;\">\u00a0<span style=\"color: #ffffff;\"><a name=\"Dakota_Yuma\"><\/a>Dakota Yuma<\/span><\/p>\n<p style=\"text-align: center;\"><span style=\"color: #ffffff;\"><small>i<small>ndianisch<br \/>\nDakota = Freund, Yuma = Sohn des H\u00e4uptlings<\/small><\/small><\/span><\/p>\n<p style=\"text-align: center;\"><span style=\"color: #ffffff;\">direkt zum<\/span> <a href=\"#Stammbaum:\">Stammbaum<\/a><span style=\"color: #ffffff;\">&#8230;<\/span><\/p>\n<p>&#8222;Schau mal Mama, ein wei\u00dfer Wolf&#8230;&#8220;<img decoding=\"async\" loading=\"lazy\" class=\"alignright wp-image-243\" style=\"margin: 6px 4px; border: 0px currentColor;\" title=\"yuma10\" src=\"http:\/\/www.dakota-yuma.de\/wp-content\/uploads\/2012\/03\/yuma102.jpg\" alt=\"\" width=\"207\" height=\"212\" \/><br \/>\n&#8222;Pauline, das ist kein\u00a0Wolf, das ist ein Samojede&#8230;&#8220;<\/p>\n<p>Ich wei\u00df gar nicht wie oft ich in den vergangenen Jahren \u00fcber &#8222;Feststellungen&#8220; wie diese schmunzeln konnte.<\/p>\n<p>Als Welpe war Yuma ein &#8222;kleiner Eisb\u00e4r&#8220;, oder der Bruder vom &#8222;Knut&#8220;, als Junghund war er ein Husky und als ausgewachsener Hund dann eben ein\u00a0wei\u00dfer Wolf&#8230; Oder f\u00fcr &#8222;Kenner&#8220; ein Samojede&#8230;<\/p>\n<p style=\"text-align: justify;\">Obwohl ich zugeben muss, dass gewisse \u00c4hnlichkeiten im jeweiligen Lebensalter durchaus gegeben waren, so ist Yuma doch ein echter <span style=\"color: #ffffff;\">&#8222;Wei\u00dfer Schweizer Sch\u00e4ferhund (WSS)&#8220;<\/span>, fr\u00fcher auch als Amerikanisch Kanadischer Sch\u00e4ferhund bekannt.<\/p>\n<p style=\"text-align: justify;\">\u00dcbrigens ist die offizielle Rassebezeichnung f\u00fcr mich auch heute noch befremdlich, da ich Yuma&#8217;s urspr\u00fcngliche Heimat doch eher in den kalten Weiten des Yukon sehe als in den idyllischen Bergen der Schweiz.<\/p>\n<p style=\"text-align: justify;\">Yuma wurde am 11.04.2008 in Sulzbach am Main (Bayern) geboren, seine Mutter ist die sch\u00f6ne &#8222;German Dreams Angelina Jolie&#8220;, genannt Juli, sein Vater ist der stolze &#8222;Baxter vom Kofelort&#8220;. Eine reine Langstockhaar-Verpaarung also.<\/p>\n<p style=\"text-align: justify;\">Die ersten drei Lebensmonate verbrachte Yuma in den liebevollen H\u00e4nden von Katja, der Rudelf\u00fchrerin und Chefin der anerkannten Zuchtst\u00e4tte German Dreams.<span style=\"color: #ffffff;\"> &#8222;An dieser Stelle auch nochmal ein herzliches Dankesch\u00f6n an Dich, Katja. Du hast einen gro\u00dfen Anteil daran, dass Yuma so ein wundervoller Hund geworden ist!&#8220;<\/span><\/p>\n<p style=\"text-align: justify;\">Am 16.07.2008 kam Yuma dann endlich in meine Familie. Und die ersten Wochen waren f\u00fcr alle Beteiligten nicht einfach. &#8222;Yuma ist einer der wildesten Racker des D-Wurfs. Der findet beim Spielen und Toben kein Ende.&#8220; An diese oder eine \u00e4hnliche Aussage von Katja musste ich mich erinnern, als Yuma<\/p>\n<ul>\n<li>unsere Parkettb\u00f6den matt bespielte<\/li>\n<li>die Flurgaderobe von der Wand riss<\/li>\n<li>jeden zug\u00e4nglichen Schuh erbeutete und zerkaute<\/li>\n<li>riesige L\u00f6cher in den Garten grub und die Wurzeln unseres Birnbaumes freilegte<\/li>\n<li>unsere Wecker auf das jeweilige Innenleben \u00fcberpr\u00fcfte<\/li>\n<li>mein Mobiltelefon verschleppte und einem H\u00e4rtetest unterzog<\/li>\n<li>den frisch gebackenen Kuchen von der Anrichte &#8222;klaute&#8220; und gen\u00fcsslich verspeiste<\/li>\n<li>unseren Staubsauger an die Grenze der Belastbarkeit brachte<\/li>\n<li>uns ernsthaft \u00fcber die Besch\u00e4ftigung einer Haushaltshilfe nachdenken lie\u00df<\/li>\n<li>und und und&#8230;<\/li>\n<\/ul>\n<p style=\"text-align: justify;\">&#8222;Yuma ist wie ein zweites Kind, aber ich glaube er macht mehr Arbeit&#8230;&#8220; So der Kommentar meiner Frau in den ersten Monaten.<\/p>\n<p style=\"text-align: justify;\">Doch je mehr Yuma anstellte, um so lieber haben wir alle ihn gewonnen. Mit der Zeit wurde Yuma ruhiger (oder wir gelassener) und heute ist Yuma f\u00fcr mich der beste und sch\u00f6nste Hund der Welt. Ein ungekr\u00f6nter Champion, ein wahrer Freund und treuer Begleiter.<\/p>\n<p style=\"text-align: justify;\"><span style=\"color: #ffffff;\">F\u00fcr kein Geld der Welt w\u00fcrde ich meinen &#8222;Polarwolf&#8220; jemals wieder hergeben.<\/span><\/p>\n<p style=\"text-align: justify;\">Und wenn mich heute einer fragt, wass denn f\u00fcr die Rasse typisch sei, so kann ich nur sagen:<\/p>\n<p style=\"text-align: center;\"><span style=\"color: #ffffff;\"><span style=\"font-size: 20px;\">\u00a0<strong><big>&#8222;<\/big><\/strong><\/span><span style=\"font-size: 20px;\"><strong><big>You&#8217;ll never walk alone&#8230;&#8220;<\/big><\/strong><\/span><\/span><\/p>\n<p><a name=\"Stammbaum:\"><\/a><\/p>\n<p style=\"text-align: justify;\">Falls diese Seiten Ihr Interesse an meinem &#8222;Wei\u00dfen&#8220; geweckt haben sollte und Sie mehr \u00fcber meine Erfahrungen mit dieser Rasse wissen m\u00f6chten, so freue ich mich \u00fcber einen Eintrag in meinem <a title=\"G\u00e4stebuch\" href=\"http:\/\/www.dakota-yuma.de\/?page_id=662\">G\u00e4stebuch<\/a> oder \u00fcber eine Nachricht mit dem <a title=\"Kontakt\" href=\"http:\/\/www.dakota-yuma.de\/?page_id=20\">Kontaktformular<\/a>.<\/p>\n<p style=\"text-align: justify;\"><span style=\"color: #ffffff;\">Stammbaum von Dakota Yuma:<\/span> <small><\/small><\/p>\n<table style=\"border: 2px solid #ffffff;\" border=\"2\" cellspacing=\"1\" cellpadding=\"2\">\n<tbody>\n<tr>\n<td style=\"border: 1px solid #ffffff; padding-left: 5px;\" rowspan=\"8\">Vater: Baxter vom Kofelort<br \/>\nWT: 03.09.2004<\/td>\n<td style=\"border: 1px solid #ffffff; padding-left: 5px;\" rowspan=\"4\">Goliath vom Vilstaler Land<br \/>\nWT: 05.05.1999<\/td>\n<td style=\"border: 1px solid #ffffff; padding-left: 5px;\" rowspan=\"2\">Jimmy vom Sutumer- Grund<\/td>\n<td style=\"border: 1px solid #ffffff; padding-left: 5px;\">Condor von der Hohensyburg<\/td>\n<\/tr>\n<tr>\n<td style=\"border: 1px solid #ffffff; padding-left: 5px;\">Aliena von white Princess<\/td>\n<\/tr>\n<tr>\n<td style=\"border: 1px solid #ffffff; padding-left: 5px;\" rowspan=\"2\">Aischa vom Vilstaler Land<\/td>\n<td style=\"border: 1px solid #ffffff; padding-left: 5px;\">Fargo vom Landecker Amt<\/td>\n<\/tr>\n<tr>\n<td style=\"border: 1px solid #ffffff; padding-left: 5px;\">Elsa vom Schmollerhof<\/td>\n<\/tr>\n<tr>\n<td style=\"border: 1px solid #ffffff; padding-left: 5px;\" rowspan=\"4\">Bonny Two von der Hohensyburg<br \/>\nWT: 31.08.2002<\/td>\n<td style=\"border: 1px solid #ffffff; padding-left: 5px;\" rowspan=\"2\">Buddy&#8217;s Lord Kevin<\/td>\n<td style=\"border: 1px solid #ffffff; padding-left: 5px;\">Day&#8217;s Best Buddy<\/td>\n<\/tr>\n<tr>\n<td style=\"border: 1px solid #ffffff; padding-left: 5px;\">Tolchuk Jesse<\/td>\n<\/tr>\n<tr>\n<td style=\"border: 1px solid #ffffff; padding-left: 5px;\" rowspan=\"2\">Kimberly of Majestics<\/td>\n<td style=\"border: 1px solid #ffffff; padding-left: 5px;\">Nicky of White Mountain Austria<\/td>\n<\/tr>\n<tr>\n<td style=\"border: 1px solid #ffffff; padding-left: 5px;\">Farah of Majestics<\/td>\n<\/tr>\n<tr>\n<td style=\"border: 1px solid #ffffff; padding-left: 5px;\" rowspan=\"8\"><span style=\"color: #ffffff;\">Muter: German Dreams Angelina Jolie<\/span><br \/>\n<span style=\"color: #ffffff;\"> WT: 03.03.2005<\/span><\/td>\n<td style=\"border: 1px solid #ffffff; padding-left: 5px;\" rowspan=\"4\"><span style=\"color: #ffffff;\">Bossanova von White Angel<\/span><br \/>\n<span style=\"color: #ffffff;\"> WT: 31.07.2001<\/span><\/td>\n<td style=\"border: 1px solid #ffffff; padding-left: 5px;\" rowspan=\"2\"><span style=\"color: #ffffff;\">Baron vom Schlo\u00df Stutensee<\/span><\/td>\n<td style=\"border: 1px solid #ffffff; padding-left: 5px;\"><span style=\"color: #ffffff;\">Tyson White Tiger vom Schloss Stutensee<\/span><\/td>\n<\/tr>\n<tr>\n<td style=\"border: 1px solid #ffffff; padding-left: 5px;\"><span style=\"color: #ffffff;\">Kimba vom Wolfsh\u00fcgel<\/span><\/td>\n<\/tr>\n<tr>\n<td style=\"border: 1px solid #ffffff; padding-left: 5px;\" rowspan=\"2\"><span style=\"color: #ffffff;\">Fanni von Kir\u00e0lyszentistv\u00e1ni Krist\u00e1ly<\/span><\/td>\n<td style=\"border: 1px solid #ffffff; padding-left: 5px;\"><span style=\"color: #ffffff;\">Argosz von Feher Arany<\/span><\/td>\n<\/tr>\n<tr>\n<td style=\"border: 1px solid #ffffff; padding-left: 5px;\"><span style=\"color: #ffffff;\">Aida von Hobundas<\/span><\/td>\n<\/tr>\n<tr>\n<td style=\"border: 1px solid #ffffff; padding-left: 5px;\" rowspan=\"4\"><span style=\"color: #ffffff;\">Esta vom Durbuscher Forst<\/span><br \/>\n<span style=\"color: #ffffff;\"> WT: 08.03.2002<\/span><\/td>\n<td style=\"border: 1px solid #ffffff; padding-left: 5px;\" rowspan=\"2\"><span style=\"color: #ffffff;\">Domingo vom Sutumer-Grund<\/span><\/td>\n<td style=\"border: 1px solid #ffffff; padding-left: 5px;\"><span style=\"color: #ffffff;\">Amy-Chrishan of White Condor<\/span><\/td>\n<\/tr>\n<tr>\n<td style=\"border: 1px solid #ffffff; padding-left: 5px;\"><span style=\"color: #ffffff;\">Aliena von white Princess<\/span><\/td>\n<\/tr>\n<tr>\n<td style=\"border: 1px solid #ffffff; padding-left: 5px;\" rowspan=\"2\"><span style=\"color: #ffffff;\">Aika &#8211; Princess vom Durbuscher Forst<\/span><\/td>\n<td style=\"border: 1px solid #ffffff; padding-left: 5px;\"><span style=\"color: #ffffff;\">Einstein-Tyson vom Sutumer Grund<\/span><\/td>\n<\/tr>\n<tr>\n<td style=\"border: 1px solid #ffffff; padding-left: 5px;\"><span style=\"color: #ffffff;\">Afra-Princess vom AC Nordlicht<\/span><\/td>\n<\/tr>\n<\/tbody>\n<\/table>\n<p style=\"text-align: justify;\"><small><\/small> <small><small><\/small><\/small><small><small>direkt zum<\/small><\/small> <a href=\"#top1\">Seitenanfang<\/a>&#8230;<\/p>\n","protected":false},"excerpt":{"rendered":"<p>\u00a0Dakota Yuma indianisch Dakota = Freund, Yuma = Sohn des H\u00e4uptlings direkt zum Stammbaum&#8230; &#8222;Schau mal Mama, ein wei\u00dfer Wolf&#8230;&#8220; &#8222;Pauline, das ist kein\u00a0Wolf, das ist ein Samojede&#8230;&#8220; Ich wei\u00df gar nicht wie oft ich in den vergangenen Jahren \u00fcber &hellip; <a href=\"http:\/\/www.dakota-yuma.de\/?page_id=8\">Weiterlesen <span class=\"meta-nav\">&rarr;<\/span><\/a><\/p>\n","protected":false},"author":1,"featured_media":0,"parent":0,"menu_order":0,"comment_status":"closed","ping_status":"open","template":"sidebar-page.php","meta":{"ngg_post_thumbnail":0},"aioseo_notices":[],"_links":{"self":[{"href":"http:\/\/www.dakota-yuma.de\/index.php?rest_route=\/wp\/v2\/pages\/8"}],"collection":[{"href":"http:\/\/www.dakota-yuma.de\/index.php?rest_route=\/wp\/v2\/pages"}],"about":[{"href":"http:\/\/www.dakota-yuma.de\/index.php?rest_route=\/wp\/v2\/types\/page"}],"author":[{"embeddable":true,"href":"http:\/\/www.dakota-yuma.de\/index.php?rest_route=\/wp\/v2\/users\/1"}],"replies":[{"embeddable":true,"href":"http:\/\/www.dakota-yuma.de\/index.php?rest_route=%2Fwp%2Fv2%2Fcomments&post=8"}],"version-history":[{"count":186,"href":"http:\/\/www.dakota-yuma.de\/index.php?rest_route=\/wp\/v2\/pages\/8\/revisions"}],"predecessor-version":[{"id":1640,"href":"http:\/\/www.dakota-yuma.de\/index.php?rest_route=\/wp\/v2\/pages\/8\/revisions\/1640"}],"wp:attachment":[{"href":"http:\/\/www.dakota-yuma.de\/index.php?rest_route=%2Fwp%2Fv2%2Fmedia&parent=8"}],"curies":[{"name":"wp","href":"https:\/\/api.w.org\/{rel}","templated":true}]}}