{"id":5,"date":"2012-03-26T16:47:37","date_gmt":"2012-03-26T16:47:37","guid":{"rendered":"http:\/\/www.wssyuma.dakota-yuma.de\/?page_id=5"},"modified":"2012-04-17T10:39:30","modified_gmt":"2012-04-17T08:39:30","slug":"home","status":"publish","type":"page","link":"http:\/\/www.dakota-yuma.de\/?page_id=5","title":{"rendered":"Home"},"content":{"rendered":"<p style=\"text-align: center;\"><span style=\"color: #ffffff; font-size: 18px;\">German Dreams Dakota Yuma &#8211; Wei\u00dfer Schweizer Sch\u00e4ferhund<\/span><\/p>\n<p style=\"text-align: center;\"><span style=\"color: #ffffff; font-size: 18px;\">Mein Freund und treuer Begleiter<\/span><\/p>\n<p style=\"text-align: justify;\">Eine Website f\u00fcr einen Hund, ein Haustier&#8230;? Ist das nicht etwas \u00fcbertrieben&#8230;? Diese Frage h\u00e4tte ich vor ein paar Jahren noch mit einem eindeutigen &#8222;Ja, das ist es&#8230;&#8220; beantwortet.<\/p>\n<p style=\"text-align: justify;\">Bis dann \u00a0am 11.04.2008 Yuma, ein Wei\u00dfer Schweizer Sch\u00e4ferhund in mein Leben getreten ist. Getreten? Nein, damals wohl noch eher getapst. Seitdem hat sich vieles ver\u00e4ndert, nicht nur meine Ansichten zu bestimmten Dingen.<\/p>\n<p style=\"text-align: justify;\">Aber warum in aller Welt braucht Yuma eine eigene Homepage? Diese Frage kann ich auch heute noch nicht eindeutig und abschlie\u00dfend beantworten.<\/p>\n<p style=\"text-align: justify;\">Vielleicht ist es Besitzerstolz, der Wunsch alle Daten und Fotos an zentraler Stelle f\u00fcr Freunde, Bekannte, Neugierige in aller Welt zug\u00e4nglich zu machen, oder aber auch nur die konsequente Fortsetzung der Familientradition meines Wei\u00dfen. Schlie\u00dflich haben auch Yuma&#8217;s Eltern jeweils eigene Webauftritte (<a href=\"http:\/\/www.baxti.de\" target=\"_blank\">www.baxti.de<\/a> und <a href=\"http:\/\/www.german-dreams.de\" target=\"_blank\">www.german-dreams.de<\/a>).<\/p>\n<p style=\"text-align: justify;\">Was auch immer schlu\u00dfendlich die Beweggr\u00fcnde f\u00fcr das Erstellen dieser Seiten gewesen sind&#8230;<\/p>\n<p style=\"text-align: center;\"><span style=\"color: #ffffff;\">dakota-yuma.de ist jetzt<\/span> <span style=\"font-size: 18px;\"><strong><span style=\"color: #cc0000;\">online<\/span><\/strong><\/span><span style=\"color: #ffffff;\">!<\/span><\/p>\n<p style=\"text-align: justify;\">Schwerpunkt meiner Seiten ist aber nicht das geschriebene Wort, sondern Fotos, Fotos, Fotos&#8230;Vielleicht auch das eine oder andere Video. Wie sonst kann man die Sch\u00f6nheit dieser Hunderasse und speziell von Yuma, dem &#8222;sch\u00f6nsten und besten Hund der Welt&#8220; deutlicher vermitteln?<\/p>\n<p style=\"text-align: justify;\"><span style=\"color: #ffffff;\">&#8222;Man kann auch ohne Hund leben, aber es lohnt sich nicht&#8220;<\/span>. Mit diesem Zitat, welches Heinz R\u00fchmann zugeschrieben wird, m\u00f6chte ich auch schon diese Einleitung abschlie\u00dfen. Treffender kann auch ich meine Erfahrungen nicht ausdr\u00fccken&#8230;<\/p>\n<p style=\"text-align: justify;\">Ich w\u00fcnsche Ihnen viel Spa\u00df auf dakota-yuma.de.<\/p>\n<p style=\"text-align: left;\">R. Poths<\/p>\n<p style=\"text-align: left;\">\n","protected":false},"excerpt":{"rendered":"<p>German Dreams Dakota Yuma &#8211; Wei\u00dfer Schweizer Sch\u00e4ferhund Mein Freund und treuer Begleiter Eine Website f\u00fcr einen Hund, ein Haustier&#8230;? Ist das nicht etwas \u00fcbertrieben&#8230;? Diese Frage h\u00e4tte ich vor ein paar Jahren noch mit einem eindeutigen &#8222;Ja, das ist &hellip; <a href=\"http:\/\/www.dakota-yuma.de\/?page_id=5\">Weiterlesen <span class=\"meta-nav\">&rarr;<\/span><\/a><\/p>\n","protected":false},"author":1,"featured_media":0,"parent":0,"menu_order":0,"comment_status":"closed","ping_status":"open","template":"sidebar-page.php","meta":{"ngg_post_thumbnail":0},"aioseo_notices":[],"_links":{"self":[{"href":"http:\/\/www.dakota-yuma.de\/index.php?rest_route=\/wp\/v2\/pages\/5"}],"collection":[{"href":"http:\/\/www.dakota-yuma.de\/index.php?rest_route=\/wp\/v2\/pages"}],"about":[{"href":"http:\/\/www.dakota-yuma.de\/index.php?rest_route=\/wp\/v2\/types\/page"}],"author":[{"embeddable":true,"href":"http:\/\/www.dakota-yuma.de\/index.php?rest_route=\/wp\/v2\/users\/1"}],"replies":[{"embeddable":true,"href":"http:\/\/www.dakota-yuma.de\/index.php?rest_route=%2Fwp%2Fv2%2Fcomments&post=5"}],"version-history":[{"count":35,"href":"http:\/\/www.dakota-yuma.de\/index.php?rest_route=\/wp\/v2\/pages\/5\/revisions"}],"predecessor-version":[{"id":417,"href":"http:\/\/www.dakota-yuma.de\/index.php?rest_route=\/wp\/v2\/pages\/5\/revisions\/417"}],"wp:attachment":[{"href":"http:\/\/www.dakota-yuma.de\/index.php?rest_route=%2Fwp%2Fv2%2Fmedia&parent=5"}],"curies":[{"name":"wp","href":"https:\/\/api.w.org\/{rel}","templated":true}]}}